{"id":31,"date":"2020-04-28T17:03:42","date_gmt":"2020-04-28T17:03:42","guid":{"rendered":"http:\/\/la-mise-en-image-du-rebut.societes-urbaines-et-dechets.org\/?page_id=31"},"modified":"2021-07-27T12:46:00","modified_gmt":"2021-07-27T12:46:00","slug":"lexposition","status":"publish","type":"page","link":"http:\/\/la-mise-en-image-du-rebut.societes-urbaines-et-dechets.org\/?page_id=31","title":{"rendered":"L&rsquo;exposition"},"content":{"rendered":"\n<p>Initi\u00e9e par Claudia Cirelli et B\u00e9n\u00e9dicte Florin en 2016, l&rsquo;exposition&nbsp;<em>La mise en image du rebut. Mati\u00e8res, corp(u)s et pratiques autour des d\u00e9chets<\/em> r\u00e9unit les photographies de chercheurs g\u00e9ographes, sociologues et anthropologues, membres du r\u00e9seau <em>Soci\u00e9t\u00e9s Urbaines et D\u00e9chets<\/em>.&nbsp;\u00c0 g\u00e9ographie et g\u00e9om\u00e9trie variables, elle s&rsquo;est progressivement enrichie de photographies in\u00e9dites, issues de nouveaux terrains men\u00e9s dans plusieurs pays du monde.<\/p>\n\n\n\n<p>Les images des r\u00e9cup\u00e9rateurs de d\u00e9chets dans les rues ou dans les d\u00e9charges mettent souvent en sc\u00e8ne des personnes travaillant dans des conditions d\u00e9gradantes, peuplant des paysages dantesques et \u00e9voquant une mis\u00e8re humaine.<br>Cette exposition de photographies a, au contraire, pour ambition d&rsquo;attribuer une place pr\u00e9\u00e9minente aux portraits de femmes et d&rsquo;hommes qui vivent de leur travail avec les d\u00e9chets et, ainsi, de sugg\u00e9rer d\u2019autres histoires \u00e0 ceux qui les regardent.<br>Il s&rsquo;agit ici de les mettre en lumi\u00e8re, d\u00e9barrass\u00e9s du stigmate de la mis\u00e8re et de la marginalit\u00e9 qui accompagnent habituellement le contact avec l\u2019ordure : les nombreux entretiens men\u00e9s avec eux, leurs poses face au chercheur-photographe, mais surtout leur travail de m\u00e9tamorphose du rebut en mat\u00e9riaux valorisables en t\u00e9moignent.<\/p>\n\n\n\n<p>Par-del\u00e0 le monde, ces \u201ctravailleurs des d\u00e9chets\u201d revendiquent de plus en plus des droits sociaux, mais aussi la l\u00e9gitimit\u00e9 et la valeur de leur contribution au recyclage, \u00e0 la gestion des d\u00e9chets et, plus globalement, \u00e0 la protection de l\u2019environnement.<br>Ces portraits mettent en image des personnes ordinaires, occup\u00e9es \u00e0 r\u00e9aliser leurs t\u00e2ches : des travailleurs qui demandent \u00e0 \u00eatre consid\u00e9r\u00e9s par la soci\u00e9t\u00e9 comme \u00e9gaux des autres, reconnus dans leur activit\u00e9.<\/p>\n\n\n\n<p>Cette exposition souhaite interpeller le public et l\u2019associer \u00e0 une r\u00e9flexion commune sur les enjeux de soci\u00e9t\u00e9 li\u00e9s \u00e0 la production des d\u00e9chets et sur les diff\u00e9rentes modalit\u00e9s de leur r\u00e9duction et mise en valeur.<\/p>\n\n\n\n<p>Claudia Cirelli et B\u00e9n\u00e9dicte Florin<\/p>\n\n\n\n<p> <\/p>\n\n\n\n<pre class=\"wp-block-preformatted\"><a href=\"http:\/\/la-mise-en-image-du-rebut.societes-urbaines-et-dechets.org\/?p=42\"><strong>Commencer la visite...<\/strong><\/a><\/pre>\n","protected":false},"excerpt":{"rendered":"","protected":false},"author":1,"featured_media":0,"parent":0,"menu_order":0,"comment_status":"closed","ping_status":"closed","template":"","meta":{"footnotes":""},"class_list":["post-31","page","type-page","status-publish"],"_links":{"self":[{"href":"http:\/\/la-mise-en-image-du-rebut.societes-urbaines-et-dechets.org\/index.php?rest_route=\/wp\/v2\/pages\/31","targetHints":{"allow":["GET"]}}],"collection":[{"href":"http:\/\/la-mise-en-image-du-rebut.societes-urbaines-et-dechets.org\/index.php?rest_route=\/wp\/v2\/pages"}],"about":[{"href":"http:\/\/la-mise-en-image-du-rebut.societes-urbaines-et-dechets.org\/index.php?rest_route=\/wp\/v2\/types\/page"}],"author":[{"embeddable":true,"href":"http:\/\/la-mise-en-image-du-rebut.societes-urbaines-et-dechets.org\/index.php?rest_route=\/wp\/v2\/users\/1"}],"replies":[{"embeddable":true,"href":"http:\/\/la-mise-en-image-du-rebut.societes-urbaines-et-dechets.org\/index.php?rest_route=%2Fwp%2Fv2%2Fcomments&post=31"}],"version-history":[{"count":11,"href":"http:\/\/la-mise-en-image-du-rebut.societes-urbaines-et-dechets.org\/index.php?rest_route=\/wp\/v2\/pages\/31\/revisions"}],"predecessor-version":[{"id":942,"href":"http:\/\/la-mise-en-image-du-rebut.societes-urbaines-et-dechets.org\/index.php?rest_route=\/wp\/v2\/pages\/31\/revisions\/942"}],"wp:attachment":[{"href":"http:\/\/la-mise-en-image-du-rebut.societes-urbaines-et-dechets.org\/index.php?rest_route=%2Fwp%2Fv2%2Fmedia&parent=31"}],"curies":[{"name":"wp","href":"https:\/\/api.w.org\/{rel}","templated":true}]}}