{"id":63,"date":"2020-04-29T09:29:32","date_gmt":"2020-04-29T09:29:32","guid":{"rendered":"http:\/\/la-mise-en-image-du-rebut.societes-urbaines-et-dechets.org\/?page_id=63"},"modified":"2020-05-28T09:09:09","modified_gmt":"2020-05-28T09:09:09","slug":"les-auteur-e-s","status":"publish","type":"page","link":"https:\/\/la-mise-en-image-du-rebut.societes-urbaines-et-dechets.org\/?page_id=63","title":{"rendered":"Les auteur-e-s"},"content":{"rendered":"\n<hr class=\"wp-block-separator is-style-wide\"\/>\n\n\n\n<h1 class=\"wp-block-heading\">R\u00e9mi de Bercegol<\/h1>\n\n\n\n<figure class=\"wp-block-image size-large\"><img loading=\"lazy\" decoding=\"async\" width=\"150\" height=\"150\" src=\"http:\/\/la-mise-en-image-du-rebut.societes-urbaines-et-dechets.org\/wp-content\/uploads\/2020\/04\/re\u0301mi.jpg\" alt=\"\" class=\"wp-image-177\"\/><\/figure>\n\n\n\n<p>G\u00e9ographe, charg\u00e9 de recherche au Centre National de la Recherche Scientifique, UMR PRODIG (Paris). Avec Christine Ithurbide (CEIAS, LabSIC), R\u00e9mi de Bercegol a co-organis\u00e9 une version indienne de l\u2019exposition, renomm\u00e9e <em>The City of Waste<\/em> \u00e0 Delhi en 2018 puis \u00e0 Pondich\u00e9ry en 2020.<\/p>\n\n\n\n<p>A propos de ses recherches en Inde, il a publi\u00e9 r\u00e9cemment:<br>\u2022 Cirelli C., Florin B, de Bercegol R., 2019, \u00ab\u00a0La mise en image du rebut. Mati\u00e8res, corp(us) et pratiques autour des d\u00e9chets\u00a0\u00bb, <em>Echog\u00e9o<\/em>, n\u00b0 47, janvier\/mars 2019, rubrique \u00ab\u00a0Sur l\u2019image\u00a0\u00bb (<a rel=\"noreferrer noopener\" href=\"https:\/\/journals.openedition.org\/echogeo\/17103\" target=\"_blank\">https:\/\/journals.openedition.org\/echogeo\/17103<\/a>). Version anglophone : \u00ab\u00a0Picturing Waste\u00a0\u00bb (<a rel=\"noreferrer noopener\" href=\"http:\/\/journals.openedition.org\/echogeo\/18549\" target=\"_blank\">http:\/\/journals.openedition.org\/echogeo\/18549<\/a>)<br>\u2022 de Bercegol, R. &amp; Gowda S., 2018, \u00ab\u00a0Waste and Energy Nexus : rethinking the modernisation of waste services in Delhi\u00a0\u00bb in <em>Urban Studies<\/em>, Special Issue on \u2018Urban Nexus\u2019 (<a rel=\"noreferrer noopener\" href=\"http:\/\/www.springer.com\/gp\/book\/9788132227625\" target=\"_blank\">https:\/\/journals.sagepub.com\/doi\/abs\/10.1177\/0042098018770592<\/a>)<br>\u2022 de Bercegol, R., 2018, \u00ab\u00a0Les enjeux de la valorisation des d\u00e9chets \u00e0 Delhi\u00a0\u00bb, in Jaglin, S, Debout L. et Salenson I. (Dir.), <em>Du rebut \u00e0 la ressource, Valorisation des d\u00e9chets dans les villes du sud<\/em>, AFD, p. 31-49 (<a rel=\"noreferrer noopener\" href=\"https:\/\/www.afd.fr\/fr\/ressources\/du-rebut-la-ressource\" target=\"_blank\">https:\/\/www.afd.fr\/fr\/ressources\/du-rebut-la-ressource<\/a>)<br>\u2022 de Bercegol R., 2010, <em>Small Towns and Decentralisation in India<\/em>, Springer, Rawat Publications (r\u00e9-\u00e9dition), 2019, 246 pages (<a rel=\"noreferrer noopener\" href=\"http:\/\/www.springer.com\/gp\/book\/9788132227625\" target=\"_blank\">http:\/\/www.springer.com\/gp\/book\/9788132227625<\/a>)<\/p>\n\n\n\n<p><a href=\"http:\/\/la-mise-en-image-du-rebut.societes-urbaines-et-dechets.org\/?s=Bercegol\">Voir les notices de R\u00e9mi de Bercegol&#8230;<\/a><\/p>\n\n\n\n<p>contact : <a href=\"mailto:remi.debercegol@gmail.com\">remi.debercegol@gmail.com<\/a><\/p>\n\n\n\n<hr class=\"wp-block-separator is-style-wide\"\/>\n\n\n\n<h1 class=\"wp-block-heading\">J\u00e9r\u00e9mie Cav\u00e9<\/h1>\n\n\n\n<figure class=\"wp-block-image size-large\"><img loading=\"lazy\" decoding=\"async\" width=\"150\" height=\"153\" src=\"http:\/\/la-mise-en-image-du-rebut.societes-urbaines-et-dechets.org\/wp-content\/uploads\/2020\/04\/Je\u0301re\u0301mie.jpg\" alt=\"\" class=\"wp-image-174\"\/><\/figure>\n\n\n\n<p>Docteur en am\u00e9nagement urbain, consultant ind\u00e9pendant en \u00e9cologie urbaine. J\u00e9r\u00e9mie Cav\u00e9 est enseignant \u00e0 l\u2019IEP de Toulouse et romancier. <\/p>\n\n\n\n<p>Il a publi\u00e9 r\u00e9cemment :<br>\u2022 Cav\u00e9 J., 2018, \u00ab\u00a0En qu\u00eate des communs urbains\u00a0\u00bb, <em>Revue Internationale des \u00c9tudes du D\u00e9veloppement<\/em>, N\u00b0233, p.117-138<br>\u2022 Cav\u00e9 J., 2018, <em>Le Sacril\u00e8ge d&rsquo;Icare<\/em> (roman), \u00c9ditions Thot, 420p.<br>\u2022 Cav\u00e9 J., 2015, <em>La ru\u00e9e vers l\u2019ordure. Conflits dans les mines urbaines de d\u00e9chets<\/em>, Presses Universitaires de Rennes, 250 p.<\/p>\n\n\n\n<p><a rel=\"noreferrer noopener\" href=\"https:\/\/sud.hypotheses.org\/251\" target=\"_blank\">En savoir plus&#8230;<\/a><\/p>\n\n\n\n<p><a href=\"http:\/\/la-mise-en-image-du-rebut.societes-urbaines-et-dechets.org\/?s=cav%C3%A9\">Voir les notices de J\u00e9r\u00e9mie Cav\u00e9&#8230;<\/a><\/p>\n\n\n\n<p>contact : <a href=\"mailto:jeremie.cave@gmail.com\">jeremie.cave@gmail.com<\/a><\/p>\n\n\n\n<hr class=\"wp-block-separator is-style-wide\"\/>\n\n\n\n<h1 class=\"wp-block-heading\">Claudia Cirelli<\/h1>\n\n\n\n<figure class=\"wp-block-image size-large\"><img loading=\"lazy\" decoding=\"async\" width=\"150\" height=\"150\" src=\"http:\/\/la-mise-en-image-du-rebut.societes-urbaines-et-dechets.org\/wp-content\/uploads\/2020\/04\/C_Cirelli.jpg\" alt=\"\" class=\"wp-image-173\"\/><\/figure>\n\n\n\n<p>Anthropologue et g\u00e9ographe, chercheuse associ\u00e9e de l\u2019UMR CITERES (Tours), Claudia Cirelli s\u2019int\u00e9resse aux effets socio-territoriaux de la mise en \u0153uvre des politiques environnementales en Am\u00e9rique Latine (Mexique et Argentine) et en France. Elle a coordonn\u00e9 avec B\u00e9n\u00e9dicte Florin l\u2019ouvrage collectif <em><a rel=\"noreferrer noopener\" href=\"https:\/\/pufr-editions.fr\/produit\/societes-urbaines-et-dechets\/\" target=\"_blank\">Soci\u00e9t\u00e9s urbaines et d\u00e9chets. \u00c9clairages internationaux<\/a><\/em> (PUFR, Tours, 2015). Elle pr\u00e9pare avec Pablo Schamber et Francisco Suarez un ouvrage collectif intitul\u00e9 <em>Converging views on waste pickers<\/em>, septi\u00e8me volume de la collection Recicloscopio, \u00e9dit\u00e9e par l\u2019Universidad Nacional de General Sarmiento, l\u2019Universidad Nacional de Lanus et Prometeo Libros Editores.<\/p>\n\n\n\n<p>Elle a publi\u00e9 r\u00e9cemment :<br>\u2022 Cirelli C., Florin B, de Bercegol R., 2019, \u00ab\u00a0La mise en image du rebut. Mati\u00e8res, corp(us) et pratiques autour des d\u00e9chets\u00a0\u00bb, <em>Echog\u00e9o<\/em>, n\u00b0 47, janvier\/mars 2019, rubrique \u00ab\u00a0Sur l\u2019image\u00a0\u00bb (<a rel=\"noreferrer noopener\" href=\"https:\/\/journals.openedition.org\/echogeo\/17103\" target=\"_blank\">https:\/\/journals.openedition.org\/echogeo\/17103<\/a>). Version anglophone : \u00ab\u00a0Picturing Waste\u00a0\u00bb (<a rel=\"noreferrer noopener\" href=\"http:\/\/journals.openedition.org\/echogeo\/18549\" target=\"_blank\">http:\/\/journals.openedition.org\/echogeo\/18549<\/a>)<br>\u2022 Cirelli C. et Maccaglia F. (coord.), 2019, <em>Territoires des d\u00e9chets. Agir en r\u00e9gime de proximit\u00e9<\/em>, Presse Universitaire de Tours, 344 p. (<a href=\"https:\/\/pufr-editions.fr\/produit\/territoires-des-dechets\/\" target=\"_blank\" rel=\"noreferrer noopener\">https:\/\/pufr-editions.fr\/produit\/territoires-des-dechets\/<\/a>)<br>\u2022 Cirelli C. et Rosa E., 2018, \u00ab\u00a0Scavenging: Between precariousness, marginality and access to the city. The case of Roma people in Turin and Marseille\u00a0\u00bb, in Environment &amp; Planning A, Vol. 50 (7), pp. 1407-1424.<br>\u2022 Cirelli C. et al., 2017, \u00ab\u00a0g\u00e9rer les d\u00e9chets en r\u00e9gime de proximit\u00e9\u00a0\u00bb, in <em>Flux<\/em>, 2017\/3-4, n\u00b0 109-110, pp. 61-72.<br>\u2022 Cirelli C. et Florin B. (dir.), 2015, <em>Soci\u00e9t\u00e9s urbaines et d\u00e9chets. \u00c9clairages internationaux<\/em>, Presse Universitaire de Tours<\/p>\n\n\n\n<p><a rel=\"noreferrer noopener\" href=\"https:\/\/sud.hypotheses.org\/560\" target=\"_blank\">En savoir plus&#8230;<\/a><\/p>\n\n\n\n<p><a href=\"http:\/\/la-mise-en-image-du-rebut.societes-urbaines-et-dechets.org\/?s=cirelli\">Voir les notices de Claudia Cirelli&#8230;<\/a><\/p>\n\n\n\n<p>contact : <a href=\"mailto:claudia.cirelli@univ-tours.fr\">claudia.cirelli@univ-tours.fr<\/a><\/p>\n\n\n\n<hr class=\"wp-block-separator is-style-wide\"\/>\n\n\n\n<h1 class=\"wp-block-heading\">B\u00e9n\u00e9dicte Florin<\/h1>\n\n\n\n<figure class=\"wp-block-image size-large\"><img loading=\"lazy\" decoding=\"async\" width=\"150\" height=\"150\" src=\"http:\/\/la-mise-en-image-du-rebut.societes-urbaines-et-dechets.org\/wp-content\/uploads\/2020\/04\/BFlorin.jpg\" alt=\"\" class=\"wp-image-179\"\/><\/figure>\n\n\n\n<p>Maitresse de conf\u00e9rences en g\u00e9ographie \u00e0 l\u2019Universit\u00e9 de Tours et chercheuse \u00e0 l\u2019UMR CITERES. B\u00e9n\u00e9dicte Florin travaille depuis dix ans sur les r\u00e9cup\u00e9rateurs et recycleurs de d\u00e9chets du Caire, d\u2019Istanbul et de Casablanca ainsi que sur les ferrailleurs de l\u2019agglom\u00e9ration parisienne. Elle anime avec Cladia Cirelli, le carnet de recherche <em><a rel=\"noreferrer noopener\" href=\"https:\/\/sud.hypotheses.org\/\" target=\"_blank\">Soci\u00e9t\u00e9s Urbaines et D\u00e9chets<\/a><\/em>.<\/p>\n\n\n\n<p>Elle a publi\u00e9 r\u00e9cemment :<br>\u2022 Cirelli C., Florin B, de Bercegol R., 2019, \u00ab\u00a0La mise en image du rebut. Mati\u00e8res, corp(us) et pratiques autour des d\u00e9chets\u00a0\u00bb, <em>Echog\u00e9o<\/em>, n\u00b0 47, janvier\/mars 2019, rubrique \u00ab\u00a0Sur l\u2019image\u00a0\u00bb (<a rel=\"noreferrer noopener\" href=\"https:\/\/journals.openedition.org\/echogeo\/17103\" target=\"_blank\">https:\/\/journals.openedition.org\/echogeo\/17103<\/a>). Version anglophone : \u00ab\u00a0Picturing Waste\u00a0\u00bb (<a rel=\"noreferrer noopener\" href=\"http:\/\/journals.openedition.org\/echogeo\/18549\" target=\"_blank\">http:\/\/journals.openedition.org\/echogeo\/18549<\/a>)<br>\u2022 Florin B., 2019, \u00ab\u00a0Travailleurs des tanneries, travailleurs des d\u00e9chets au Caire. Paysages urbains, histoires de familles et parcours professionnels\u00a0\u00bb, <em>Egypte-Monde arabe<\/em>,, Le Caire, pp. 11- 139 (<a rel=\"noreferrer noopener\" href=\"https:\/\/journals.openedition.org\/ema\/4658\" target=\"_blank\">https:\/\/journals.openedition.org\/ema\/4658<\/a>)<br>\u2022 Florin B., 2018, \u00ab\u00a0The Rag Pickers of Cairo: The Dregs of the City or \u00ab Garbage Businessmen \u00bb?\u00a0\u00bb, <em>Ethnologie fran\u00e7aise<\/em>, PUF, p. 487-498<br>(<a rel=\"noreferrer noopener\" href=\"https:\/\/www.cairn-int.info\/abstract-E_ETHN_153_0487--the-rag-pickers-of-cairo-the-dregs-of.htm\" target=\"_blank\">https:\/\/www.cairn-int.info\/abstract-E_ETHN_153_0487&#8211;the-rag-pickers-of-cairo-the-dregs-of.htm<\/a>)<br>\u2022 Florin B., 2016, \u00ab\u00a0De l&rsquo;indignit\u00e9 \u00e0 l&rsquo;indignation : petites luttes, r\u00e9sistances quotidiennes et tentatives de mobilisation des r\u00e9cup\u00e9rateurs de d\u00e9chets \u00e0 Istanbul\u00a0\u00bb, <em>Cultures &amp; conflits<\/em> 2 (101), L&rsquo;Harmattan, pp. 99-120<br>\u2022 Allix \u00c9. et Florin B., 2016, \u00ab\u00a0Ind\u00e9sirables dans la ville, utiles dans l&rsquo;ordure. Les r\u00e9cup\u00e9rateurs de d\u00e9chets au Maroc\u00a0\u00bb, n\u00b0 96, <em>G\u00e9ographie et culture<\/em>, \u00ab\u00a0Les ind\u00e9sirables\u00a0\u00bb, pp. 23-45<br>\u2022 Cirelli C. et Florin B. (dir.), 2015, <em>Soci\u00e9t\u00e9s urbaines et d\u00e9chets. \u00c9clairages internationaux<\/em>, Presse Universitaire de Tours<\/p>\n\n\n\n<p><a rel=\"noreferrer noopener\" href=\"https:\/\/sud.hypotheses.org\/557\" target=\"_blank\">En savoir plus&#8230;<\/a><\/p>\n\n\n\n<p><a href=\"http:\/\/la-mise-en-image-du-rebut.societes-urbaines-et-dechets.org\/?s=Florin\">Voir les notices de B\u00e9n\u00e9dicte Florin&#8230;<\/a><\/p>\n\n\n\n<p>contact : <a href=\"mailto:benedicte.florin@univ-tours.fr\">benedicte.florin@univ-tours.fr<\/a><\/p>\n\n\n\n<p>site internet : <a rel=\"noreferrer noopener\" href=\"http:\/\/benedicte-florin.fr\" target=\"_blank\">benedicte-florin.fr<\/a><\/p>\n\n\n\n<hr class=\"wp-block-separator is-style-wide\"\/>\n\n\n\n<h1 class=\"wp-block-heading\">Pascal Garret<\/h1>\n\n\n\n<figure class=\"wp-block-image size-large\"><img loading=\"lazy\" decoding=\"async\" width=\"150\" height=\"150\" src=\"http:\/\/la-mise-en-image-du-rebut.societes-urbaines-et-dechets.org\/wp-content\/uploads\/2020\/04\/P_Garret.jpg\" alt=\"\" class=\"wp-image-178\"\/><\/figure>\n\n\n\n<p>Sociologue et photographe ind\u00e9pendant dans le cadre de recherches en sciences sociales, Pascal Garret travaille principalement sur le th\u00e8me de la r\u00e9cup\u00e9ration et du recyclage des d\u00e9chets en contexte urbain, notamment avec B\u00e9n\u00e9dicte Florin. Ses terrains se situent dans de grandes villes m\u00e9diterran\u00e9ennes (Le Caire, Istanbul, Marseille et Casablanca), mais \u00e9galement \u00e0 Mumbai, dans la r\u00e9gion parisienne et, plus r\u00e9cemment, en r\u00e9gion Centre (Tours M\u00e9tropole), \u00e0 Beyrouth et \u00e0 Lom\u00e9. De 2015 \u00e0 2017, il a fait partie de l\u2019\u00e9quipe qui a r\u00e9alis\u00e9e l\u2019exposition \u201cVies d\u2019ordures. De l\u2019\u00e9conomie des d\u00e9chets en M\u00e9diterran\u00e9e\u201d, pr\u00e9sent\u00e9e \u00e0 Marseille au Mus\u00e9e des Civilisations d\u2019Europe et de la M\u00e9diterran\u00e9e (MuCEM) en 2017.<\/p>\n\n\n\n<p>Il a publi\u00e9 r\u00e9cemment :<br>\u2022 Florin B., Garret P., 2019, \u00ab\u00a0\u00ab Faire la ferraille \u00bb en banlieue parisienne : glaner, bricoler et transgresser\u00a0\u00bb, <em>Echog\u00e9o<\/em>, n\u00b0 47, janvier\/mars 2019 (<a href=\"https:\/\/journals.openedition.org\/echogeo\/16942\" target=\"_blank\" rel=\"noreferrer noopener\">https:\/\/journals.openedition.org\/echogeo\/16942<\/a>)<br>\u2022 Garret P. et Florin B., 2018, \u00ab\u00a0Rien ne se perd, tout se r\u00e9cup\u00e8re ! Pour une reconnaissance des r\u00e9cup\u00e9rateurs informels de Casablanca\u00a0\u00bb, Urbanit\u00e9s, 11\/2018, en ligne : http:\/\/www.revue-urbanites.fr\/urbanites-africaines-garret-florin\/<br>\u2022 Garret P., 2017, \u00ab\u00a0Une tourn\u00e9e de r\u00e9cup\u00e9ration \u00e0 Istanbul\u00a0\u00bb, in Chevallier D. et Tastevin Y.-P. (Dir.), Vies d\u2019Ordures. De l\u2019\u00e9conomie des d\u00e9chets, MuCEM et Artlys, p. 138-141<\/p>\n\n\n\n<p><a rel=\"noreferrer noopener\" href=\"https:\/\/sud.hypotheses.org\/2180\" target=\"_blank\">En savoir plus&#8230;<\/a><\/p>\n\n\n\n<p><a href=\"http:\/\/la-mise-en-image-du-rebut.societes-urbaines-et-dechets.org\/?s=Garret\">Voir les notices de Pascal Garret&#8230;<\/a><\/p>\n\n\n\n<p>contact : <a href=\"mailto:pascal.garret@bab-el-louk.org\">pascal.garret@bab-el-louk.org<\/a><\/p>\n\n\n\n<p>site internet : <a rel=\"noreferrer noopener\" href=\"http:\/\/www.bab-el-louk.org\" target=\"_blank\">www.bab-el-louk.org<\/a><\/p>\n\n\n\n<hr class=\"wp-block-separator is-style-wide\"\/>\n\n\n\n<h1 class=\"wp-block-heading\">Mika\u00ebla le Meur<\/h1>\n\n\n\n<figure class=\"wp-block-image size-large\"><img loading=\"lazy\" decoding=\"async\" width=\"150\" height=\"150\" src=\"http:\/\/la-mise-en-image-du-rebut.societes-urbaines-et-dechets.org\/wp-content\/uploads\/2020\/04\/Mikaela.jpg\" alt=\"\" class=\"wp-image-176\"\/><\/figure>\n\n\n\n<p>Anthropologue, docteure en sciences sociales et politiques de l\u2019Universit\u00e9 libre de Bruxelles. Mika\u00ebla Le Meur a cor\u00e9alis\u00e9 avec l&rsquo;IRD en 2018 l\u2019exposition itin\u00e9rante <a rel=\"noreferrer noopener\" href=\"https:\/\/www.ird.fr\/la-mediatheque\/expositions\/expositions-disponibles-en-pret\/matieres-plastiques-des-vies-sauvages\" target=\"_blank\"><em>Mati\u00e8res plastiques, des vies sauvages<\/em>.<\/a> <\/p>\n\n\n\n<p>Elle a publi\u00e9 r\u00e9cemment :<br>\u2022 Le Meur M., 2018, \u00ab\u00a0Fragmentation, disparition ou intoxication ? Le succ\u00e8s troublant des sacs plastiques oxo-fragmentables au Vietnam\u00a0\u00bb, in DEBOUT Lise, JAGLIN Sylvy, SALENSON Ir\u00e8ne, <em><em>Du rebut \u00e0 la ressource, Valorisation des d\u00e9chets dans les villes du sud<\/em><\/em>, Paris, Agence Fran\u00e7aise de D\u00e9veloppement, pp. 241-259 (<a rel=\"noreferrer noopener\" href=\"https:\/\/www.afd.fr\/fr\/ressources\/du-rebut-la-ressource\" target=\"_blank\">https:\/\/www.afd.fr\/fr\/ressources\/du-rebut-la-ressource<\/a>)<br>\u2022 Le Meur M., 2016, \u00ab\u00a0Sous la montagne de plastique, une mine d\u2019or ? Le mythe du recyclage \u00e0 l\u2019\u00e9preuve d\u2019une fili\u00e8re vietnamienne\u00a0\u00bb, <em>Techniques&amp;Culture<\/em> 65-66 \u00ab\u00a0Re\u0301parer le monde : exce\u0300s, reste et innovation\u00a0\u00bb, p.202-205 (<a rel=\"noreferrer noopener\" href=\"https:\/\/tc.revues.org\/7955\" target=\"_blank\">https:\/\/tc.revues.org\/7955<\/a>)<br>\u2022 Le Meur M., 2016, \u00ab\u00a0Controverse autour du recyclage du plastique. D\u00e9sirs globaux contre inqui\u00e9tudes locales \u00e0 Nhu Quynh, Vietnam\u00a0\u00bb, texte publi\u00e9 en ligne dans le cadre du n\u00b087 de la revue <em>Mouvements<\/em> \u00ab\u00a0O\u00f9 va l\u2019homo detritus ?\u00a0\u00bb coordonn\u00e9 par St\u00e9phane Le Lay, Agn\u00e8s Jeanjean et Olivier Roueff (<a rel=\"noreferrer noopener\" href=\"http:\/\/mouvements.info\/controverse-recyclage-plastique\/)\" target=\"_blank\">http:\/\/mouvements.info\/controverse-recyclage-plastique\/)<\/a><\/p>\n\n\n\n<p><a rel=\"noreferrer noopener\" href=\"https:\/\/sud.hypotheses.org\/1792\" target=\"_blank\">En savoir plus&#8230;<\/a><\/p>\n\n\n\n<p><a href=\"http:\/\/la-mise-en-image-du-rebut.societes-urbaines-et-dechets.org\/?s=Le+Meur\">Voir les notices de Mika\u00ebla Le Meur&#8230;<\/a><\/p>\n\n\n\n<p>contact : <a href=\"mailto:mikaela.lemeur@letamis.org\">mikaela.lemeur@letamis.org<\/a><\/p>\n\n\n\n<hr class=\"wp-block-separator is-style-wide\"\/>\n\n\n\n<h1 class=\"wp-block-heading\">Adeline Pierrat<\/h1>\n\n\n\n<figure class=\"wp-block-image size-large\"><img loading=\"lazy\" decoding=\"async\" width=\"150\" height=\"150\" src=\"http:\/\/la-mise-en-image-du-rebut.societes-urbaines-et-dechets.org\/wp-content\/uploads\/2020\/04\/Adeline_P.jpg\" alt=\"\" class=\"wp-image-172\"\/><\/figure>\n\n\n\n<p>Ma\u00eetresse de conf\u00e9rences en g\u00e9ographie \u00e0 l\u2019Universit\u00e9 du Mans et chercheuse \u00e0 l\u2019UMR ESO. Adeline Pierrat a \u00e9galement \u00e9t\u00e9 responsable de projets sur la th\u00e9matique \u00ab\u00a0d\u00e9chets\u00a0\u00bb au sein du Gret, ONG internationale de d\u00e9veloppement. <\/p>\n\n\n\n<p>Elle a publi\u00e9 r\u00e9cemment :<br>\u2022 Pierrat A., 2018, \u00ab\u00a0Tensions entre industrialisation et marginalisation de la valorisation informelle des d\u00e9chets \u00e0 Addis Abeba, capitale vitrine de l\u2019\u00c9thiopie\u00a0\u00bb, in Jaglin, S, Debout L. et Salenson I. (Dir.), <em>Du rebut \u00e0 la ressource, Valorisation des d\u00e9chets dans les villes du sud<\/em>, AFD, p. 31-49 (<a rel=\"noreferrer noopener\" href=\"https:\/\/www.afd.fr\/fr\/ressources\/du-rebut-la-ressource\" target=\"_blank\">https:\/\/www.afd.fr\/fr\/ressources\/du-rebut-la-ressource<\/a>)<\/p>\n\n\n\n<p><a rel=\"noreferrer noopener\" href=\"https:\/\/sud.hypotheses.org\/2021\" target=\"_blank\">En savoir plus&#8230;<\/a><\/p>\n\n\n\n<p><a href=\"http:\/\/la-mise-en-image-du-rebut.societes-urbaines-et-dechets.org\/?s=Pierrat\">Voir les notices d&rsquo;Adeline Pierrat\u2026<\/a><\/p>\n\n\n\n<p>contact : <a href=\"mailto:adeline.pierrat@univ-lemans.fr\">adeline.pierrat@univ-lemans.fr<\/a><\/p>\n\n\n\n<hr class=\"wp-block-separator is-style-wide\"\/>\n\n\n\n<h1 class=\"wp-block-heading\">M\u00e9lanie Rateau<\/h1>\n\n\n\n<figure class=\"wp-block-image size-large\"><img loading=\"lazy\" decoding=\"async\" width=\"150\" height=\"150\" src=\"http:\/\/la-mise-en-image-du-rebut.societes-urbaines-et-dechets.org\/wp-content\/uploads\/2020\/04\/Me\u0301lanie.jpg\" alt=\"\" class=\"wp-image-175\"\/><\/figure>\n\n\n\n<p>Doctorante au LATTS Universit\u00e9 de Paris-Est, M\u00e9lanie Rateau s\u2019int\u00e9resse aux services urbains dans les villes du Sud.<\/p>\n\n\n\n<p>Elle a publi\u00e9 r\u00e9cemment :<br>\u2022 Rateau M., 2018, \u00ab\u00a0Exp\u00e9riences de formalisation des r\u00e9cup\u00e9rateurs \u00e0 Lima (P\u00e9rou)\u00a0\u00bb, in Jaglin, S, Debout L. et Salenson I. (Dir.), <em>Du rebut \u00e0 la ressource, Valorisation des d\u00e9chets dans les villes du sud<\/em>, AFD, p. 115\u2011130 (<a rel=\"noreferrer noopener\" href=\"https:\/\/www.afd.fr\/fr\/ressources\/du-rebut-la-ressource\" target=\"_blank\">https:\/\/www.afd.fr\/fr\/ressources\/du-rebut-la-ressource<\/a>)<br>\u2022 Rateau M., 2017. \u00ab\u00a0Conflictos de apropiaci\u00f3n de residuos reciclables e innovaciones socioinstitucionales en Lima\u00a0\u00bb, <em>Territorios<\/em>, N\u00b0 37, p. 61\u201180.<\/p>\n\n\n\n<p><a href=\"http:\/\/la-mise-en-image-du-rebut.societes-urbaines-et-dechets.org\/?s=Rateau\">Voir les notices de M\u00e9lanie Rateau&#8230;<\/a><\/p>\n\n\n\n<p>contact : <a href=\"mailto:melanie.rateau@enpc.fr\">melanie.rateau@enpc.fr<\/a><\/p>\n\n\n\n<hr class=\"wp-block-separator is-style-wide\"\/>\n\n\n\n<h1 class=\"wp-block-heading\">R\u00e9mi Reboux<\/h1>\n\n\n\n<figure class=\"wp-block-image size-large\"><img loading=\"lazy\" decoding=\"async\" width=\"150\" height=\"150\" src=\"http:\/\/la-mise-en-image-du-rebut.societes-urbaines-et-dechets.org\/wp-content\/uploads\/2020\/05\/Reboux_R.jpg\" alt=\"\" class=\"wp-image-671\"\/><\/figure>\n\n\n\n<p>R\u00e9mi Reboux est dipl\u00f4m\u00e9 en Recherche Comparative en Anthropologie, Histoire et Sociologie \u00e0 l\u2019EHESS (Marseille) et en Management Public International \u00e0 Sciences Po Paris.<\/p>\n\n\n\n<p>Il a publi\u00e9 r\u00e9cemment :<br>\u2022 Reboux R., 2018, \u00ab\u00a0La valeur et l\u2019usage dans une mine \u00e9lectronique de Nairobi\u00a0\u00bb, in <em>Mambo&nbsp;!<\/em> Le carnet de l\u2019IFRA Nairobi (<a href=\"https:\/\/mambo.hypotheses.org\/1166\" target=\"_blank\" rel=\"noreferrer noopener\">https:\/\/mambo.hypotheses.org\/1166<\/a>)<\/p>\n\n\n\n<p><a href=\"http:\/\/la-mise-en-image-du-rebut.societes-urbaines-et-dechets.org\/?s=Reboux\">Voir les notices de R\u00e9mi Reboux&#8230;<\/a><\/p>\n\n\n\n<p>contact : <a href=\"mailto:remi.reboux@gmail.com\">remi.reboux@gmail.com<\/a><\/p>\n\n\n\n<hr class=\"wp-block-separator is-style-wide\"\/>\n\n\n\n<h1 class=\"wp-block-heading\">Radia Slimani<\/h1>\n\n\n\n<figure class=\"wp-block-image size-large is-resized\"><img loading=\"lazy\" decoding=\"async\" src=\"http:\/\/la-mise-en-image-du-rebut.societes-urbaines-et-dechets.org\/wp-content\/uploads\/2020\/05\/Radia_S.jpg\" alt=\"\" class=\"wp-image-760\" width=\"150\" height=\"150\" srcset=\"https:\/\/la-mise-en-image-du-rebut.societes-urbaines-et-dechets.org\/wp-content\/uploads\/2020\/05\/Radia_S.jpg 423w, https:\/\/la-mise-en-image-du-rebut.societes-urbaines-et-dechets.org\/wp-content\/uploads\/2020\/05\/Radia_S-300x300.jpg 300w, https:\/\/la-mise-en-image-du-rebut.societes-urbaines-et-dechets.org\/wp-content\/uploads\/2020\/05\/Radia_S-150x150.jpg 150w\" sizes=\"auto, (max-width: 150px) 100vw, 150px\" \/><\/figure>\n\n\n\n<p>Radia SLIMANI est ing\u00e9nieure en \u00e9nergies renouvelables et maitrise de l&rsquo;\u00e9nergie et militante. Elle est \u00e0 l\u2019initiative de The Gold Diggers Project, un projet documentaire sur les luttes sociales des chiffonniers et sur les initiatives qui facilitent la coop\u00e9ration ou l\u2019inclusion du secteur informel dans les sch\u00e9mas de gestion de d\u00e9chets. Ce projet a \u00e9t\u00e9 men\u00e9 en France, en Alg\u00e9rie, au Maroc, S\u00e9n\u00e9gal, Colombie, P\u00e9rou, \u00c9quateur, Canada et Inde. Vid\u00e9os, contenus audios et articles sont disponibles sur le site internet, YouTube, Facebook et Instagram. Membre du collectif Rues Marchandes, elle a \u00e9galement particip\u00e9 \u00e0 <a href=\"http:\/\/recherche-action.fr\/ruesmarchandes\/2016\/12\/19\/etude-dimpact-sur-la-biffe-en-ile-de-france-les-premiers-resultats\/\" target=\"_blank\" rel=\"noreferrer noopener\">une \u00e9tude pour mesurer l&rsquo;impact \u00e9cologique de la biffe en Ile de France<\/a> avec l&rsquo;association <a href=\"https:\/\/makesense.org\/\" target=\"_blank\" rel=\"noreferrer noopener\">Make Sense<\/a>.<\/p>\n\n\n\n<p>Site Internet : <a href=\"http:\/\/www.thegolddiggersproject.com\" target=\"_blank\" rel=\"noreferrer noopener\">www.thegolddiggersproject.com<\/a><\/p>\n\n\n\n<p><a href=\"http:\/\/la-mise-en-image-du-rebut.societes-urbaines-et-dechets.org\/?s=Slimani\">Voir les notices de Radia Slimani&#8230;<\/a><\/p>\n\n\n\n<p>contact : <a href=\"mailto:contact@thegolddiggersproject.com\">contact@thegolddiggersproject.com<\/a><\/p>\n","protected":false},"excerpt":{"rendered":"","protected":false},"author":1,"featured_media":0,"parent":0,"menu_order":0,"comment_status":"closed","ping_status":"closed","template":"","meta":{"footnotes":""},"class_list":["post-63","page","type-page","status-publish"],"_links":{"self":[{"href":"https:\/\/la-mise-en-image-du-rebut.societes-urbaines-et-dechets.org\/index.php?rest_route=\/wp\/v2\/pages\/63","targetHints":{"allow":["GET"]}}],"collection":[{"href":"https:\/\/la-mise-en-image-du-rebut.societes-urbaines-et-dechets.org\/index.php?rest_route=\/wp\/v2\/pages"}],"about":[{"href":"https:\/\/la-mise-en-image-du-rebut.societes-urbaines-et-dechets.org\/index.php?rest_route=\/wp\/v2\/types\/page"}],"author":[{"embeddable":true,"href":"https:\/\/la-mise-en-image-du-rebut.societes-urbaines-et-dechets.org\/index.php?rest_route=\/wp\/v2\/users\/1"}],"replies":[{"embeddable":true,"href":"https:\/\/la-mise-en-image-du-rebut.societes-urbaines-et-dechets.org\/index.php?rest_route=%2Fwp%2Fv2%2Fcomments&post=63"}],"version-history":[{"count":38,"href":"https:\/\/la-mise-en-image-du-rebut.societes-urbaines-et-dechets.org\/index.php?rest_route=\/wp\/v2\/pages\/63\/revisions"}],"predecessor-version":[{"id":880,"href":"https:\/\/la-mise-en-image-du-rebut.societes-urbaines-et-dechets.org\/index.php?rest_route=\/wp\/v2\/pages\/63\/revisions\/880"}],"wp:attachment":[{"href":"https:\/\/la-mise-en-image-du-rebut.societes-urbaines-et-dechets.org\/index.php?rest_route=%2Fwp%2Fv2%2Fmedia&parent=63"}],"curies":[{"name":"wp","href":"https:\/\/api.w.org\/{rel}","templated":true}]}}